{"id":18,"date":"2022-12-01T16:55:38","date_gmt":"2022-12-01T16:55:38","guid":{"rendered":"http:\/\/www.koloproktolojivakfi.org\/?page_id=18"},"modified":"2022-12-01T19:06:27","modified_gmt":"2022-12-01T19:06:27","slug":"hakkimizda","status":"publish","type":"page","link":"https:\/\/www.koloproktolojivakfi.org\/","title":{"rendered":"Hakk\u0131m\u0131zda"},"content":{"rendered":"\n<p class=\"has-blue-color has-white-background-color has-text-color has-background\" style=\"font-size:15px\">Koloproktoloji alan\u0131nda yeni bilgi ve teknolojilerin \u00fclkemizde ve ba\u015fka \u00fclkelerde tan\u0131t\u0131lmas\u0131 i\u00e7in ilgili kurum ve kurulu\u015flarla i\u015fbirli\u011fi yaparak e\u011fitim faaliyetleri ger\u00e7ekle\u015ftirmek ve Koloproktoloji alan\u0131nda uluslararas\u0131 standartlar\u0131n yayg\u0131n <br>\u015fekilde uygulanmas\u0131n\u0131 sa\u011flayacak \u00e7al\u0131\u015fmalar yapmak, sa\u011fl\u0131k kurumlar\u0131na yeni teknolojik yat\u0131r\u0131mlar konusunda destek sa\u011flamaktad\u0131r.<\/p>\n","protected":false},"excerpt":{"rendered":"<p>Koloproktoloji alan\u0131nda yeni bilgi ve teknolojilerin \u00fclkemizde ve ba\u015fka \u00fclkelerde tan\u0131t\u0131lmas\u0131 i\u00e7in ilgili kurum ve kurulu\u015flarla i\u015fbirli\u011fi yaparak e\u011fitim faaliyetleri ger\u00e7ekle\u015ftirmek ve Koloproktoloji alan\u0131nda uluslararas\u0131 standartlar\u0131n yayg\u0131n \u015fekilde uygulanmas\u0131n\u0131 sa\u011flayacak \u00e7al\u0131\u015fmalar yapmak, sa\u011fl\u0131k kurumlar\u0131na yeni teknolojik yat\u0131r\u0131mlar konusunda destek sa\u011flamaktad\u0131r.<\/p>\n","protected":false},"author":1,"featured_media":0,"parent":0,"menu_order":0,"comment_status":"closed","ping_status":"closed","template":"","meta":[],"_links":{"self":[{"href":"https:\/\/www.koloproktolojivakfi.org\/index.php\/wp-json\/wp\/v2\/pages\/18"}],"collection":[{"href":"https:\/\/www.koloproktolojivakfi.org\/index.php\/wp-json\/wp\/v2\/pages"}],"about":[{"href":"https:\/\/www.koloproktolojivakfi.org\/index.php\/wp-json\/wp\/v2\/types\/page"}],"author":[{"embeddable":true,"href":"https:\/\/www.koloproktolojivakfi.org\/index.php\/wp-json\/wp\/v2\/users\/1"}],"replies":[{"embeddable":true,"href":"https:\/\/www.koloproktolojivakfi.org\/index.php\/wp-json\/wp\/v2\/comments?post=18"}],"version-history":[{"count":8,"href":"https:\/\/www.koloproktolojivakfi.org\/index.php\/wp-json\/wp\/v2\/pages\/18\/revisions"}],"predecessor-version":[{"id":99,"href":"https:\/\/www.koloproktolojivakfi.org\/index.php\/wp-json\/wp\/v2\/pages\/18\/revisions\/99"}],"wp:attachment":[{"href":"https:\/\/www.koloproktolojivakfi.org\/index.php\/wp-json\/wp\/v2\/media?parent=18"}],"curies":[{"name":"wp","href":"https:\/\/api.w.org\/{rel}","templated":true}]}}